{"id":110,"date":"2019-11-26T12:22:54","date_gmt":"2019-11-26T12:22:54","guid":{"rendered":"https:\/\/demosites.io\/blogger-gb\/?page_id=5"},"modified":"2024-03-08T09:16:19","modified_gmt":"2024-03-08T08:16:19","slug":"582c1-blogger-gb-home","status":"publish","type":"page","link":"https:\/\/werdfit.at\/","title":{"rendered":""},"content":{"rendered":"<div class=\"wp-block-image is-style-default\">\n<figure class=\"aligncenter size-full is-resized\"><img loading=\"lazy\" decoding=\"async\" width=\"1708\" height=\"507\" src=\"https:\/\/werdfit.at\/wp-content\/uploads\/2024\/03\/Dein-Ziel-Meine-Mission11.png\" alt=\"\" class=\"wp-image-174\" style=\"aspect-ratio:1.7777777777777777;object-fit:contain;width:1450px;height:auto\" srcset=\"https:\/\/werdfit.at\/wp-content\/uploads\/2024\/03\/Dein-Ziel-Meine-Mission11.png 1708w, https:\/\/werdfit.at\/wp-content\/uploads\/2024\/03\/Dein-Ziel-Meine-Mission11-300x89.png 300w, https:\/\/werdfit.at\/wp-content\/uploads\/2024\/03\/Dein-Ziel-Meine-Mission11-1024x304.png 1024w, https:\/\/werdfit.at\/wp-content\/uploads\/2024\/03\/Dein-Ziel-Meine-Mission11-768x228.png 768w, https:\/\/werdfit.at\/wp-content\/uploads\/2024\/03\/Dein-Ziel-Meine-Mission11-1536x456.png 1536w\" sizes=\"auto, (max-width: 1708px) 100vw, 1708px\" \/><\/figure>\n<\/div>\n\n\n<h2 class=\"wp-block-heading has-text-align-center o-typing-delay-100ms\"><mark style=\"background-color:rgba(0, 0, 0, 0);color:#3aa6f8\" class=\"has-inline-color\">WERD&#8216; FIT<\/mark> <o-anim-typing>MIT STEFAN GARDNER<\/o-anim-typing><\/h2>\n\n\n\n<div id=\"wp-block-themeisle-blocks-advanced-columns-b320f813\" class=\"wp-block-themeisle-blocks-advanced-columns has-3-columns has-desktop-equal-layout has-tablet-equal-layout has-mobile-collapsedRows-layout has-vertical-unset\"><div class=\"wp-block-themeisle-blocks-advanced-columns-overlay\"><\/div><div class=\"innerblocks-wrap\">\n<div id=\"wp-block-themeisle-blocks-advanced-column-42182f0d\" class=\"wp-block-themeisle-blocks-advanced-column\">\n<h3 class=\"wp-block-heading has-text-align-left\"> KRAFTTRAINING<\/h3>\n\n\n\n<p class=\"has-text-align-left\">Entdecke ma\u00dfgeschneidertes Personal Training, das genau auf dich zugeschnitten ist. Egal ob angepasste Trainingspl\u00e4ne, basierend auf deinen pers\u00f6nlichen Zielen, deinem aktuellen Fitnesslevel und deinen Vorlieben. Ich kombiniere bew\u00e4hrte Methoden mit den neuesten wissenschaftlichen Erkenntnissen, um ein effektives und sicheres Training zu gew\u00e4hrleisten. Gemeinsam erreichen wir deine Fitnessziele \u2013 motiviert, fachkundig und immer mit einem L\u00e4cheln. Dar\u00fcber hinaus lege ich Wert auf eine ganzheitliche Betreuung, die auch mentale Aspekte des Trainings ber\u00fccksichtigt, um nicht nur deinen K\u00f6rper, sondern auch deinen Geist zu st\u00e4rken.<\/p>\n<\/div>\n\n\n\n<div id=\"wp-block-themeisle-blocks-advanced-column-cd359245\" class=\"wp-block-themeisle-blocks-advanced-column\">\n<h3 class=\"wp-block-heading\">ERN\u00c4HRUNGSBERATUNG<\/h3>\n\n\n\n<p>Eine ausgewogene Ern\u00e4hrung ist der Schl\u00fcssel zu einem gesunden Lebensstil. Meine Ern\u00e4hrungsberatung geht weit \u00fcber blo\u00dfe Di\u00e4tpl\u00e4ne hinaus. Ich biete dir eine praxisorientierte Begleitung, die dir hilft, die Grundlagen einer gesunden Ern\u00e4hrung zu verstehen und diese nachhaltig in deinen Alltag zu integrieren. Zusammen erarbeiten wir Strategien, die auf deine individuellen Bed\u00fcrfnisse, Vorlieben und Lebensumst\u00e4nde zugeschnitten sind, um sicherzustellen, dass deine Ern\u00e4hrung nicht nur gesund, sondern auch genussvoll ist. Egal, ob du Gewicht verlieren, Muskeln aufbauen oder einfach nur ges\u00fcnder leben m\u00f6chtest \u2013 ich unterst\u00fctze dich dabei, deine Ern\u00e4hrungsziele zu erreichen, dein Wohlbefinden zu steigern und dir zu zeigen, wie eine bewusste Ern\u00e4hrung deine Lebensqualit\u00e4t nachhaltig verbessern kann.<\/p>\n<\/div>\n\n\n\n<div id=\"wp-block-themeisle-blocks-advanced-column-9a9f49aa\" class=\"wp-block-themeisle-blocks-advanced-column\">\n<h3 class=\"wp-block-heading has-text-align-left\">BOXTRAINING<\/h3>\n\n\n\n<p class=\"has-text-align-left\">Boxtraining ist eine faszinierende Reise in die Welt des Boxens, die Technik, Kondition und mentale St\u00e4rke vereint. Unabh\u00e4ngig von deinem Erfahrungsstand biete ich ein Training, das dich nicht nur k\u00f6rperlich fordert, sondern auch mental st\u00e4rkt. Du lernst die Kunst des Boxens \u2013 von Schlagtechniken \u00fcber Verteidigung bis hin zur strategischen Bewegung im Ring. Boxtraining ist eine hervorragende Methode, um Fitness zu verbessern, Stress zu reduzieren und Selbstvertrauen zu bauen. Wir arbeiten gemeinsam daran, deine F\u00e4higkeiten zu verbessern, w\u00e4hrend wir gleichzeitig einen starken Fokus auf Sicherheit und Technik legen.<\/p>\n<\/div>\n<\/div><\/div>\n\n\n\n<div style=\"height:59px\" aria-hidden=\"true\" class=\"wp-block-spacer\"><\/div>\n\n\n<div class=\"wp-block-image\">\n<figure class=\"aligncenter size-large is-resized\"><img loading=\"lazy\" decoding=\"async\" width=\"1024\" height=\"365\" src=\"https:\/\/werdfit.at\/wp-content\/uploads\/2024\/03\/Publikationen-1024x365.png\" alt=\"\" class=\"wp-image-160\" style=\"width:1170px;height:auto\" srcset=\"https:\/\/werdfit.at\/wp-content\/uploads\/2024\/03\/Publikationen-1024x365.png 1024w, https:\/\/werdfit.at\/wp-content\/uploads\/2024\/03\/Publikationen-300x107.png 300w, https:\/\/werdfit.at\/wp-content\/uploads\/2024\/03\/Publikationen-768x274.png 768w, https:\/\/werdfit.at\/wp-content\/uploads\/2024\/03\/Publikationen-1536x548.png 1536w, https:\/\/werdfit.at\/wp-content\/uploads\/2024\/03\/Publikationen.png 1878w\" sizes=\"auto, (max-width: 1024px) 100vw, 1024px\" \/><\/figure>\n<\/div>\n\n\n<div style=\"height:156px\" aria-hidden=\"true\" class=\"wp-block-spacer\"><\/div>\n\n\n\n<div id=\"wp-block-themeisle-blocks-advanced-columns-5a83b79b\" class=\"wp-block-themeisle-blocks-advanced-columns alignfull has-2-columns has-desktop-equal-layout has-tablet-equal-layout has-mobile-collapsedRows-layout has-vertical-center has-dark-bg\"><div class=\"wp-block-themeisle-blocks-advanced-columns-overlay\"><\/div><div class=\"innerblocks-wrap\">\n<div id=\"wp-block-themeisle-blocks-advanced-column-02495679\" class=\"wp-block-themeisle-blocks-advanced-column ticss-48ef8f35\">\n<p id=\"wp-block-themeisle-blocks-advanced-heading-a67260d8\" class=\"wp-block-themeisle-blocks-advanced-heading wp-block-themeisle-blocks-advanced-heading-a67260d8\"><strong>ABOUT ME<\/strong><\/p>\n\n\n\n<h2 class=\"wp-block-heading o-typing-delay-100ms has-nv-text-dark-bg-color has-text-color\"><o-anim-typing>Sch\u00f6n, dass du hier bist! <\/o-anim-typing><\/h2>\n\n\n\n<p>Mein Name ist Stefan Gardner, dein Coach in Wien f\u00fcr Fitness, Boxtraining und Ern\u00e4hrungsberatung. Mit 13 Jahren Erfahrung und fundiertem Wissen in Sportern\u00e4hrungswissenschaft, Personaltraining, Ern\u00e4hrung und ein wenig Psychotherapie, bin ich bestens ger\u00fcstet, um dich auf dem Weg zu einem ges\u00fcnderen, st\u00e4rkeren und gl\u00fccklicheren Selbst zu begleiten.<\/p>\n\n\n\n<p>Meine individuell zugeschnittenen Programme basieren auf den neuesten wissenschaftlichen Erkenntnissen und einer gro\u00dfen Portion Motivation. Egal, ob du am Anfang deiner Reise stehst oder schon Fortschritte gemacht hast, gemeinsam k\u00f6nnen wir deine Ziele erreichen. Inspiriert von Muhammad Alis Worten &#8222;St\u00e4rke w\u00e4chst in den Momenten, wenn du denkst, du kannst nicht weitermachen, aber du machst trotzdem weiter&#8220;, m\u00f6chte ich dich ermutigen, \u00fcber dich hinauszuwachsen.<\/p>\n\n\n\n<p>Bist du bereit, den ersten Schritt zu machen? Buche deine erste Stunde und beginne die Reise zu deinem Erfolg. Ich freue mich darauf, dich kennenzulernen und gemeinsam neue Ziele zu setzen und zu erreichen.<\/p>\n\n\n\n<p class=\"wp-block-themeisle-blocks-advanced-heading wp-block-themeisle-blocks-advanced-heading-291a439a has-white-color has-text-color\"><\/p>\n<\/div>\n\n\n\n<div id=\"wp-block-themeisle-blocks-advanced-column-67e16009\" class=\"wp-block-themeisle-blocks-advanced-column ticss-5418d6a3\">\n<figure class=\"wp-block-gallery has-nested-images columns-default is-cropped wp-block-gallery-1 is-layout-flex wp-block-gallery-is-layout-flex\">\n<figure class=\"wp-block-image size-large is-style-rounded\"><img loading=\"lazy\" decoding=\"async\" width=\"819\" height=\"1024\" data-id=\"129\" src=\"http:\/\/werdfit.at\/wp-content\/uploads\/2024\/02\/StefanG-819x1024.jpg\" alt=\"\" class=\"wp-image-129\" srcset=\"https:\/\/werdfit.at\/wp-content\/uploads\/2024\/02\/StefanG-819x1024.jpg 819w, https:\/\/werdfit.at\/wp-content\/uploads\/2024\/02\/StefanG-240x300.jpg 240w, https:\/\/werdfit.at\/wp-content\/uploads\/2024\/02\/StefanG-768x960.jpg 768w, https:\/\/werdfit.at\/wp-content\/uploads\/2024\/02\/StefanG-1229x1536.jpg 1229w, https:\/\/werdfit.at\/wp-content\/uploads\/2024\/02\/StefanG-1639x2048.jpg 1639w, https:\/\/werdfit.at\/wp-content\/uploads\/2024\/02\/StefanG-scaled.jpg 2048w\" sizes=\"auto, (max-width: 819px) 100vw, 819px\" \/><\/figure>\n<\/figure>\n<\/div>\n<\/div><\/div>\n\n\n\n<div class=\"wp-block-columns is-layout-flex wp-container-core-columns-is-layout-9d6595d7 wp-block-columns-is-layout-flex\">\n<div class=\"wp-block-column is-layout-flow wp-block-column-is-layout-flow\" style=\"flex-basis:100%\">\n<div id=\"wp-block-themeisle-blocks-advanced-columns-6f11e740\" class=\"wp-block-themeisle-blocks-advanced-columns alignfull has-1-columns has-desktop-equal-layout has-tablet-equal-layout has-mobile-equal-layout has-vertical-unset\"><div class=\"wp-block-themeisle-blocks-advanced-columns-overlay\"><\/div><div class=\"innerblocks-wrap\">\n<div id=\"wp-block-themeisle-blocks-advanced-column-085d763a\" class=\"wp-block-themeisle-blocks-advanced-column\">\n<h2 id=\"wp-block-themeisle-blocks-advanced-heading-4e96de44\" class=\"wp-block-themeisle-blocks-advanced-heading wp-block-themeisle-blocks-advanced-heading-4e96de44 o-typing-delay-100ms\"><o-anim-typing>&#8222;DER ANFANG IST DIE H\u00c4LFTE DES GANZEN.&#8220;<\/o-anim-typing><\/h2>\n\n\n\n<p id=\"wp-block-themeisle-blocks-advanced-heading-a38d6050\" class=\"wp-block-themeisle-blocks-advanced-heading wp-block-themeisle-blocks-advanced-heading-a38d6050 o-typing-delay-100ms\"><strong>Aristoteles<\/strong><\/p>\n\n\n\n<p class=\"has-text-align-center\" style=\"font-size:22px\">Wenn du bereit bist, deine Fitnessziele zu erreichen, deine Ern\u00e4hrung zu optimieren und deine Boxskills zu verbessern, warte nicht l\u00e4nger. Buche deine erste Stunde mit mir und lass uns gemeinsam den Grundstein f\u00fcr dein neues, ges\u00fcnderes und st\u00e4rkeres Ich legen. Deine Reise zu mehr Wohlbefinden und Selbstvertrauen beginnt hier \u2013 lass uns diesen Weg gemeinsam gehen. Klick unten auf den Button und mache den ersten Schritt in eine fittere Zukunft. Ich freue mich darauf, dich auf diesem spannenden Weg zu begleiten!<\/p>\n\n\n\n<div style=\"height:40px\" aria-hidden=\"true\" class=\"wp-block-spacer\"><\/div>\n<\/div>\n<\/div><\/div>\n<\/div>\n<\/div>\n\n\n\n<div id=\"wp-block-themeisle-blocks-advanced-columns-6a564611\" class=\"wp-block-themeisle-blocks-advanced-columns alignfull has-1-columns has-desktop-equal-layout has-tablet-equal-layout has-mobile-collapsedRows-layout has-vertical-unset\"><div class=\"wp-block-themeisle-blocks-advanced-columns-overlay\"><\/div><div class=\"innerblocks-wrap\">\n<div id=\"wp-block-themeisle-blocks-advanced-column-b20eafeb\" class=\"wp-block-themeisle-blocks-advanced-column\">\n<figure class=\"wp-block-gallery has-nested-images columns-default is-cropped wp-block-gallery-2 is-layout-flex wp-block-gallery-is-layout-flex\">\n<figure class=\"wp-block-image size-large\"><img loading=\"lazy\" decoding=\"async\" width=\"1024\" height=\"333\" data-id=\"150\" src=\"http:\/\/werdfit.at\/wp-content\/uploads\/2024\/03\/Dein-Ziel-Meine-Mission1-1024x333.png\" alt=\"\" class=\"wp-image-150\" srcset=\"https:\/\/werdfit.at\/wp-content\/uploads\/2024\/03\/Dein-Ziel-Meine-Mission1-1024x333.png 1024w, https:\/\/werdfit.at\/wp-content\/uploads\/2024\/03\/Dein-Ziel-Meine-Mission1-300x97.png 300w, https:\/\/werdfit.at\/wp-content\/uploads\/2024\/03\/Dein-Ziel-Meine-Mission1-768x250.png 768w, https:\/\/werdfit.at\/wp-content\/uploads\/2024\/03\/Dein-Ziel-Meine-Mission1-1536x499.png 1536w, https:\/\/werdfit.at\/wp-content\/uploads\/2024\/03\/Dein-Ziel-Meine-Mission1.png 1708w\" sizes=\"auto, (max-width: 1024px) 100vw, 1024px\" \/><\/figure>\n<\/figure>\n<\/div>\n<\/div><\/div>\n","protected":false},"excerpt":{"rendered":"<p>WERD&#8216; FIT MIT STEFAN GARDNER<\/p>\n","protected":false},"author":1,"featured_media":0,"parent":0,"menu_order":0,"comment_status":"closed","ping_status":"closed","template":"page-templates\/template-pagebuilder-full-width.php","meta":{"neve_meta_sidebar":"full-width","neve_meta_container":"","neve_meta_enable_content_width":"on","neve_meta_content_width":100,"neve_meta_title_alignment":"","neve_meta_author_avatar":"","neve_post_elements_order":"","neve_meta_disable_header":"","neve_meta_disable_footer":"","neve_meta_disable_title":"on","_themeisle_gutenberg_block_has_review":false,"_ti_tpc_template_sync":false,"_ti_tpc_template_id":"2esgfkx943akp7iqac7c","footnotes":""},"class_list":["post-110","page","type-page","status-publish","hentry"],"_links":{"self":[{"href":"https:\/\/werdfit.at\/index.php?rest_route=\/wp\/v2\/pages\/110","targetHints":{"allow":["GET"]}}],"collection":[{"href":"https:\/\/werdfit.at\/index.php?rest_route=\/wp\/v2\/pages"}],"about":[{"href":"https:\/\/werdfit.at\/index.php?rest_route=\/wp\/v2\/types\/page"}],"author":[{"embeddable":true,"href":"https:\/\/werdfit.at\/index.php?rest_route=\/wp\/v2\/users\/1"}],"replies":[{"embeddable":true,"href":"https:\/\/werdfit.at\/index.php?rest_route=%2Fwp%2Fv2%2Fcomments&post=110"}],"version-history":[{"count":49,"href":"https:\/\/werdfit.at\/index.php?rest_route=\/wp\/v2\/pages\/110\/revisions"}],"predecessor-version":[{"id":268,"href":"https:\/\/werdfit.at\/index.php?rest_route=\/wp\/v2\/pages\/110\/revisions\/268"}],"wp:attachment":[{"href":"https:\/\/werdfit.at\/index.php?rest_route=%2Fwp%2Fv2%2Fmedia&parent=110"}],"curies":[{"name":"wp","href":"https:\/\/api.w.org\/{rel}","templated":true}]}}